{"id":806,"date":"2018-02-21T12:14:14","date_gmt":"2018-02-21T12:14:14","guid":{"rendered":"http:\/\/www.thegoldenspartan.com\/shop\/uncategorized\/morocco-premium-beard-oil\/"},"modified":"2025-06-27T11:14:47","modified_gmt":"2025-06-27T11:14:47","slug":"morocco-ulje-za-bradu","status":"publish","type":"product","link":"https:\/\/www.thegoldenspartan.com\/sr\/shop\/premium-ulja-za-bradu\/morocco-ulje-za-bradu\/","title":{"rendered":"MOROCCO ulje za bradu"},"content":{"rendered":"","protected":false},"excerpt":{"rendered":"<p><strong>Za\u010dini. Citrus. Avantura.<\/strong><br \/>\nPovedi svoja \u010dula pravo u srce marokanske pijace uz ulje za bradu Morocco \u2014 bogatu, egzoti\u010dnu me\u0161avinu za\u010dinskih i citrusnih nota, inspirisanu \u017eivopisnim bazarima, toplim peskom i bezvremenskim ritualima. Ova luksuzna aroma spaja aromati\u010dne za\u010dine sa zrelim vo\u0107em, stvaraju\u0107i topao i zavodljiv miris koji traje \u010ditav dan.<br \/>\nZatvori o\u010di i prepusti se mirisu koji te vodi u daleku zemlju prepunu misterije i avanture \u2014 gde tvoja brada postaje deo putovanja.<\/p>\n<p>Ru\u010dno pravljeno od 100% prirodnih, visokokvalitetnih sastojaka i punjeno u malim serijama, ulje za bradu Morocco dubinski hidrira, hrani i \u0161titi tvoju bradu i ko\u017eu. Spre\u010dava lomljenje dlake, perutanje i suvo\u0107u, ostavljaju\u0107i bradu mekom, glatkom i lako oblikovanom.<\/p>\n<p>\u279c Topla, za\u010dinsko-citrusna aroma<br \/>\n\u279c Napravljeno od 100% prirodnih, visokokvalitetnih sastojaka<br \/>\n\u279c Dubinska hidratacija i obnova ko\u017ee i dlake<br \/>\n\u279c Ubla\u017eava svrab, suvu ko\u017eu i perutanje<br \/>\n\u279c Omek\u0161ava, ja\u010da i smiruje neukrotive brade<br \/>\n\u279c Ru\u010dno sipano u malim serijama za vrhunski kvalitet<br \/>\n\u279c Aromati\u010dno putovanje \u2014 savr\u0161eno za svakodnevnu negu<\/p>\n<p><em><strong>Sastav<\/strong>: ulje jojobe, badema, semenki gro\u017e\u0111a, kokosa, ricinusa, konoplje, vitamin E, eteri\u010dna ulja narand\u017ee i za\u010dinskog bilja.<\/em><\/p>\n<p><em>\u2705 Na\u0161i proizvodi su klini\u010dki ispitani u akreditovanoj laboratoriji i poseduju izve\u0161taj o zdravstvenoj ispravnosti.<\/em><\/p>\n","protected":false},"featured_media":2850,"comment_status":"open","ping_status":"closed","template":"","meta":{"_acf_changed":false},"product_brand":[],"product_cat":[51],"product_tag":[],"class_list":{"0":"post-806","1":"product","2":"type-product","3":"status-publish","4":"has-post-thumbnail","6":"product_cat-premium-ulja-za-bradu","8":"first","9":"instock","10":"shipping-taxable","11":"purchasable","12":"product-type-variable"},"acf":[],"aioseo_notices":[],"_links":{"self":[{"href":"https:\/\/www.thegoldenspartan.com\/sr\/wp-json\/wp\/v2\/product\/806","targetHints":{"allow":["GET"]}}],"collection":[{"href":"https:\/\/www.thegoldenspartan.com\/sr\/wp-json\/wp\/v2\/product"}],"about":[{"href":"https:\/\/www.thegoldenspartan.com\/sr\/wp-json\/wp\/v2\/types\/product"}],"replies":[{"embeddable":true,"href":"https:\/\/www.thegoldenspartan.com\/sr\/wp-json\/wp\/v2\/comments?post=806"}],"wp:featuredmedia":[{"embeddable":true,"href":"https:\/\/www.thegoldenspartan.com\/sr\/wp-json\/wp\/v2\/media\/2850"}],"wp:attachment":[{"href":"https:\/\/www.thegoldenspartan.com\/sr\/wp-json\/wp\/v2\/media?parent=806"}],"wp:term":[{"taxonomy":"product_brand","embeddable":true,"href":"https:\/\/www.thegoldenspartan.com\/sr\/wp-json\/wp\/v2\/product_brand?post=806"},{"taxonomy":"product_cat","embeddable":true,"href":"https:\/\/www.thegoldenspartan.com\/sr\/wp-json\/wp\/v2\/product_cat?post=806"},{"taxonomy":"product_tag","embeddable":true,"href":"https:\/\/www.thegoldenspartan.com\/sr\/wp-json\/wp\/v2\/product_tag?post=806"}],"curies":[{"name":"wp","href":"https:\/\/api.w.org\/{rel}","templated":true}]}}