{"id":809,"date":"2018-02-21T13:06:07","date_gmt":"2018-02-21T13:06:07","guid":{"rendered":"http:\/\/www.thegoldenspartan.com\/shop\/uncategorized\/mustache-comb\/"},"modified":"2025-06-12T11:17:33","modified_gmt":"2025-06-12T11:17:33","slug":"cesalj-za-brkove","status":"publish","type":"product","link":"https:\/\/www.thegoldenspartan.com\/sr\/shop\/alatke-za-bradu\/cesalj-za-brkove\/","title":{"rendered":"\u010ce\u0161alj za brkove"},"content":{"rendered":"","protected":false},"excerpt":{"rendered":"<p><strong>Mali alat. Velika razlika.<\/strong><br \/>\nUkroti svoje brkove sa na\u0161im \u010de\u0161lji\u0107em za brkove \u2013 ru\u010dno izra\u0111enim od vrhunskog nerdjaju\u0107eg \u010delika, dizajniranim da traje zauvek. Gotovo neuni\u0161tiv, kompaktan i stilski besprekoran \u2013 ovo je obavezan alat za svakog modernog mu\u0161karca koji zna da detalji \u010dine razliku.<br \/>\nSa dimenzijama od samo 5cm x 2.8cm, ovaj d\u017eepni \u010de\u0161alj je savr\u0161en saputnik \u2013 staje u nov\u010danik, na privesak za klju\u010deve, neseser ili \u010dak u d\u017eep za sitninu. Bez obzira na veli\u010dinu, njegova mo\u0107 je ozbiljna: lako klizi kroz brkove, ra\u0161\u010de\u0161ljava bez \u010dupanja i precizno raspore\u0111uje vosak za brkove.<br \/>\nZaboravi na neuredno oblikovanje i neposlu\u0161ne dlake \u2013 tvoji brkovi zaslu\u017euju ovakav alat.<\/p>\n<p>\u279c Ru\u010dno izra\u0111en od visokokvalitetnog ner\u0111aju\u0107eg \u010delika<br \/>\n\u279c Idealan za ravnomerno nano\u0161enje voska za brkove<br \/>\n\u279c Kompaktna veli\u010dina (5cm x 2.8cm)<br \/>\n\u279c Glatko \u010de\u0161ljanje bez \u010dupanja<\/p>\n","protected":false},"featured_media":16211,"comment_status":"open","ping_status":"closed","template":"","meta":{"_acf_changed":false},"product_brand":[],"product_cat":[53],"product_tag":[],"class_list":{"0":"post-809","1":"product","2":"type-product","3":"status-publish","4":"has-post-thumbnail","6":"product_cat-alatke-za-bradu","8":"first","9":"instock","10":"shipping-taxable","11":"purchasable","12":"product-type-simple"},"acf":[],"aioseo_notices":[],"_links":{"self":[{"href":"https:\/\/www.thegoldenspartan.com\/sr\/wp-json\/wp\/v2\/product\/809","targetHints":{"allow":["GET"]}}],"collection":[{"href":"https:\/\/www.thegoldenspartan.com\/sr\/wp-json\/wp\/v2\/product"}],"about":[{"href":"https:\/\/www.thegoldenspartan.com\/sr\/wp-json\/wp\/v2\/types\/product"}],"replies":[{"embeddable":true,"href":"https:\/\/www.thegoldenspartan.com\/sr\/wp-json\/wp\/v2\/comments?post=809"}],"wp:featuredmedia":[{"embeddable":true,"href":"https:\/\/www.thegoldenspartan.com\/sr\/wp-json\/wp\/v2\/media\/16211"}],"wp:attachment":[{"href":"https:\/\/www.thegoldenspartan.com\/sr\/wp-json\/wp\/v2\/media?parent=809"}],"wp:term":[{"taxonomy":"product_brand","embeddable":true,"href":"https:\/\/www.thegoldenspartan.com\/sr\/wp-json\/wp\/v2\/product_brand?post=809"},{"taxonomy":"product_cat","embeddable":true,"href":"https:\/\/www.thegoldenspartan.com\/sr\/wp-json\/wp\/v2\/product_cat?post=809"},{"taxonomy":"product_tag","embeddable":true,"href":"https:\/\/www.thegoldenspartan.com\/sr\/wp-json\/wp\/v2\/product_tag?post=809"}],"curies":[{"name":"wp","href":"https:\/\/api.w.org\/{rel}","templated":true}]}}