{"id":810,"date":"2018-02-21T13:46:29","date_gmt":"2018-02-21T13:46:29","guid":{"rendered":"http:\/\/www.thegoldenspartan.com\/shop\/uncategorized\/poseidon-sea-salt-spray\/"},"modified":"2026-04-15T13:44:55","modified_gmt":"2026-04-15T13:44:55","slug":"poseidon-sea-salt-sprej","status":"publish","type":"product","link":"https:\/\/www.thegoldenspartan.com\/sr\/shop\/nega-kose\/poseidon-sea-salt-sprej\/","title":{"rendered":"POSEIDON Sea Salt sprej"},"content":{"rendered":"","protected":false},"excerpt":{"rendered":"<p><strong>Kao sa pla\u017ee. Svakog dana.<\/strong><br \/>\nPOSEIDON Sea Salt Sprej za kosu donosi opu\u0161teni, osun\u010dani izgled pla\u017ee direktno u tvoju kosu \u2014 bez peska. Inspirisan bezbri\u017enim danima na suncu i osve\u017eavaju\u0107im morskim povetarcem, ovaj sprej za stilizovanje pru\u017ea razbaru\u0161eni, teksturirani izgled kao posle savr\u0161enog dana na pla\u017ei.<br \/>\nFormulisan sa morskom solju i oboga\u0107en glinom za dodatnu strukturu i postojanost, POSEIDON Sea Salt sprej za kosu daje prirodan volumen, srednje jako dr\u017eanje i mat izgled koji traje. Bilo da cilja\u0161 na opu\u0161tenu talastu frizuru, le\u017eernu podignutu frizuru ili stilizovani haos sa dozom karaktera \u2014 ovaj sprej pru\u017ea fleksibilnost i teksturu bez ukru\u0107enosti i slepljenosti.<br \/>\nSavr\u0161en za sve tipove kose \u2014 nagla\u0161ava kovrd\u017ee, podi\u017ee tanku kosu i daje puno\u0107u ravnim stilovima, a kosa ostaje mekana na dodir, sve\u017ea i bez lepljenja i isu\u0161ivanja.<\/p>\n<p>\u279c Volumen i tekstura \u2013 bez odlaska na more<br \/>\n\u279c Srednje jako dr\u017eanje \u2013 fleksibilna kontrola<br \/>\n\u279c Glina za dodatnu strukturu \u2013 prirodan mat fini\u0161<br \/>\n\u279c Poja\u010dava volumen i definiciju \u2013 idealan za tanku ili ravnu kosu<br \/>\n\u279c Ne ostavlja kosu lepljivom ili suvom<br \/>\n\u279c Pogodan za sve tipove kose<\/p>\n<p><strong>Uputstvo za kori\u0161\u0107enje:<\/strong> Dobro promu\u0107kati. Bogato naprskati na vla\u017enu ili suvu kosu. Ostaviti da se prirodno osu\u0161i za opu\u0161ten izgled, ili osu\u0161iti fenom za dodatni volumen i \u010dvrsto\u0107u.<\/p>\n<p><strong>Sadr\u017eaj:<\/strong> Destilovana voda, aloe vera, morska so, glina, ekstrakt mente u glicerinu, dehidroacetat kiselina i benzil alkohol.<\/p>\n<p><a href=\"https:\/\/youtu.be\/TLWUl-Vc0Cs\" target=\"_blank\" rel=\"noopener\"><strong>VIDEO UPUTSTVO<\/strong><\/a><\/p>\n<p>\u2705 Na\u0161i proizvodi su klini\u010dki ispitani u akreditovanoj laboratoriji i poseduju izve\u0161taj o zdravstvenoj ispravnosti.<\/p>\n","protected":false},"featured_media":21209,"comment_status":"open","ping_status":"closed","template":"","meta":{"_acf_changed":false},"product_brand":[],"product_cat":[56],"product_tag":[],"class_list":{"0":"post-810","1":"product","2":"type-product","3":"status-publish","4":"has-post-thumbnail","6":"product_cat-nega-kose","8":"first","9":"instock","10":"featured","11":"shipping-taxable","12":"purchasable","13":"product-type-simple"},"acf":[],"aioseo_notices":[],"_links":{"self":[{"href":"https:\/\/www.thegoldenspartan.com\/sr\/wp-json\/wp\/v2\/product\/810","targetHints":{"allow":["GET"]}}],"collection":[{"href":"https:\/\/www.thegoldenspartan.com\/sr\/wp-json\/wp\/v2\/product"}],"about":[{"href":"https:\/\/www.thegoldenspartan.com\/sr\/wp-json\/wp\/v2\/types\/product"}],"replies":[{"embeddable":true,"href":"https:\/\/www.thegoldenspartan.com\/sr\/wp-json\/wp\/v2\/comments?post=810"}],"wp:featuredmedia":[{"embeddable":true,"href":"https:\/\/www.thegoldenspartan.com\/sr\/wp-json\/wp\/v2\/media\/21209"}],"wp:attachment":[{"href":"https:\/\/www.thegoldenspartan.com\/sr\/wp-json\/wp\/v2\/media?parent=810"}],"wp:term":[{"taxonomy":"product_brand","embeddable":true,"href":"https:\/\/www.thegoldenspartan.com\/sr\/wp-json\/wp\/v2\/product_brand?post=810"},{"taxonomy":"product_cat","embeddable":true,"href":"https:\/\/www.thegoldenspartan.com\/sr\/wp-json\/wp\/v2\/product_cat?post=810"},{"taxonomy":"product_tag","embeddable":true,"href":"https:\/\/www.thegoldenspartan.com\/sr\/wp-json\/wp\/v2\/product_tag?post=810"}],"curies":[{"name":"wp","href":"https:\/\/api.w.org\/{rel}","templated":true}]}}