{"id":818,"date":"2018-02-21T13:13:49","date_gmt":"2018-02-21T13:13:49","guid":{"rendered":"http:\/\/www.thegoldenspartan.com\/shop\/uncategorized\/spartan-oil-balm-gift-set-2\/"},"modified":"2025-06-17T07:14:21","modified_gmt":"2025-06-17T07:14:21","slug":"spartan-set-za-bradu","status":"publish","type":"product","link":"https:\/\/www.thegoldenspartan.com\/sr\/shop\/setovi\/spartan-set-za-bradu\/","title":{"rendered":"SPARTAN SET za bradu"},"content":{"rendered":"","protected":false},"excerpt":{"rendered":"<p><strong>Spartanski po\u010detak za savr\u0161enu bradu.<\/strong><br \/>\nZapo\u010dni svoje putovanje ka savr\u0161enoj bradi na Spartanski na\u010din \u2014 uz set koji pru\u017ea snagu, hidrataciju i besprekornu stilizaciju. Spartan Set za bradu sa uljem i balzamom za bradu je idealan uvod u svet vrhunske nege, pa\u017eljivo upakovan u elegantnu, ru\u010dno izra\u0111enu kutiju od punog oraha \u2014 savr\u0161en poklon ili luksuz samo za tebe.<br \/>\nUnutra se nalazi sve \u0161to tvojoj bradi treba da ostane zdrava, hidrirana i uredno oblikovana. Bilo da tek kre\u0107e\u0161 s negom brade ili \u017eeli\u0161 da podigne\u0161 svoju rutinu na vi\u0161i nivo, ovaj set ti pru\u017ea osnovne alate za mu\u017eevan i negovan izgled.<\/p>\n<p>\u0160ta se nalazi u Spartan poklon setu:<\/p>\n<p>    1 x 30ml Premium Ulje za Bradu \u2013 Dubinski hidrira ko\u017eu i omek\u0161ava dlaku.<br \/>\n    1 x 50g Premium Balzam za Bradu \u2013 Omogu\u0107ava oblikovanje i kontrolu brade.<br \/>\n    1 x Kutija od punog orahovog drveta \u2013 Elegantna, izdr\u017eljiva i vi\u0161ekratna<\/p>\n<p>Bez obzira da li poklanja\u0161 bradonji ili ula\u017ee\u0161 u sopstvenu rutinu, Spartan Set za bradu je savr\u0161en spoj funkcionalnosti, stila i elegancije.<\/p>\n","protected":false},"featured_media":11813,"comment_status":"open","ping_status":"closed","template":"","meta":{"_acf_changed":false},"product_brand":[],"product_cat":[54],"product_tag":[],"class_list":{"0":"post-818","1":"product","2":"type-product","3":"status-publish","4":"has-post-thumbnail","6":"product_cat-setovi","8":"first","9":"instock","10":"featured","11":"shipping-taxable","12":"purchasable","13":"product-type-variable"},"acf":[],"aioseo_notices":[],"_links":{"self":[{"href":"https:\/\/www.thegoldenspartan.com\/sr\/wp-json\/wp\/v2\/product\/818","targetHints":{"allow":["GET"]}}],"collection":[{"href":"https:\/\/www.thegoldenspartan.com\/sr\/wp-json\/wp\/v2\/product"}],"about":[{"href":"https:\/\/www.thegoldenspartan.com\/sr\/wp-json\/wp\/v2\/types\/product"}],"replies":[{"embeddable":true,"href":"https:\/\/www.thegoldenspartan.com\/sr\/wp-json\/wp\/v2\/comments?post=818"}],"wp:featuredmedia":[{"embeddable":true,"href":"https:\/\/www.thegoldenspartan.com\/sr\/wp-json\/wp\/v2\/media\/11813"}],"wp:attachment":[{"href":"https:\/\/www.thegoldenspartan.com\/sr\/wp-json\/wp\/v2\/media?parent=818"}],"wp:term":[{"taxonomy":"product_brand","embeddable":true,"href":"https:\/\/www.thegoldenspartan.com\/sr\/wp-json\/wp\/v2\/product_brand?post=818"},{"taxonomy":"product_cat","embeddable":true,"href":"https:\/\/www.thegoldenspartan.com\/sr\/wp-json\/wp\/v2\/product_cat?post=818"},{"taxonomy":"product_tag","embeddable":true,"href":"https:\/\/www.thegoldenspartan.com\/sr\/wp-json\/wp\/v2\/product_tag?post=818"}],"curies":[{"name":"wp","href":"https:\/\/api.w.org\/{rel}","templated":true}]}}