{"id":825,"date":"2018-02-21T13:51:50","date_gmt":"2018-02-21T13:51:50","guid":{"rendered":"http:\/\/www.thegoldenspartan.com\/shop\/uncategorized\/stache-mug\/"},"modified":"2025-04-23T11:33:53","modified_gmt":"2025-04-23T11:33:53","slug":"stache-mug-solja-za-brkove","status":"publish","type":"product","link":"https:\/\/www.thegoldenspartan.com\/sr\/shop\/aksesoari\/stache-mug-solja-za-brkove\/","title":{"rendered":"STACHE MUG &#8211; \u0160olja za brkove"},"content":{"rendered":"","protected":false},"excerpt":{"rendered":"<p>Stache Mug je jo\u0161 jedno fenomenalno re\u0161enje za sve bradonje i brkonje. U\u017eivajte u va\u0161em omiljenom pi\u0107u bez brige da \u0107ete se skroz umusaviti.<br \/>\nSvaka Stache Mug \u0161olja je ru\u010dno napravljena! \u0160to znaci da je svaka unikatna!<br \/>\nVa\u0161a omiljena \u0161olja \u0107e ubrzo pasti u zaborav, \u010dim budete naru\u010dili na\u0161 Stache Mug!<\/p>\n","protected":false},"featured_media":21217,"comment_status":"open","ping_status":"closed","template":"","meta":{"_acf_changed":false},"product_brand":[],"product_cat":[57],"product_tag":[],"class_list":{"0":"post-825","1":"product","2":"type-product","3":"status-publish","4":"has-post-thumbnail","6":"product_cat-aksesoari","8":"first","9":"instock","10":"shipping-taxable","11":"purchasable","12":"product-type-simple"},"acf":[],"aioseo_notices":[],"_links":{"self":[{"href":"https:\/\/www.thegoldenspartan.com\/sr\/wp-json\/wp\/v2\/product\/825","targetHints":{"allow":["GET"]}}],"collection":[{"href":"https:\/\/www.thegoldenspartan.com\/sr\/wp-json\/wp\/v2\/product"}],"about":[{"href":"https:\/\/www.thegoldenspartan.com\/sr\/wp-json\/wp\/v2\/types\/product"}],"replies":[{"embeddable":true,"href":"https:\/\/www.thegoldenspartan.com\/sr\/wp-json\/wp\/v2\/comments?post=825"}],"wp:featuredmedia":[{"embeddable":true,"href":"https:\/\/www.thegoldenspartan.com\/sr\/wp-json\/wp\/v2\/media\/21217"}],"wp:attachment":[{"href":"https:\/\/www.thegoldenspartan.com\/sr\/wp-json\/wp\/v2\/media?parent=825"}],"wp:term":[{"taxonomy":"product_brand","embeddable":true,"href":"https:\/\/www.thegoldenspartan.com\/sr\/wp-json\/wp\/v2\/product_brand?post=825"},{"taxonomy":"product_cat","embeddable":true,"href":"https:\/\/www.thegoldenspartan.com\/sr\/wp-json\/wp\/v2\/product_cat?post=825"},{"taxonomy":"product_tag","embeddable":true,"href":"https:\/\/www.thegoldenspartan.com\/sr\/wp-json\/wp\/v2\/product_tag?post=825"}],"curies":[{"name":"wp","href":"https:\/\/api.w.org\/{rel}","templated":true}]}}