{"id":8255,"date":"2020-03-10T13:07:28","date_gmt":"2020-03-10T13:07:28","guid":{"rendered":"https:\/\/www.thegoldenspartan.com\/?post_type=product&#038;p=8255"},"modified":"2025-06-27T10:06:07","modified_gmt":"2025-06-27T10:06:07","slug":"gel-za-brijanje","status":"publish","type":"product","link":"https:\/\/www.thegoldenspartan.com\/sr\/shop\/brijanje\/gel-za-brijanje\/","title":{"rendered":"Gel za brijanje"},"content":{"rendered":"","protected":false},"excerpt":{"rendered":"<p><strong>Vidi svaku liniju. Brij se sa precizno\u0161\u0107u.<\/strong><br \/>\nRedefini\u0161i svoju rutinu brijanja uz The Golden Spartan Transparentni Gel za Brijanje \u2014 kristalno \u010dista formula dizajnirana za maksimalnu preciznost i vrhunske performanse. Bilo da oblikuje\u0161 bradu ili \u017eeli\u0161 glatko brijanje, ovaj gel ti pru\u017ea potpunu kontrolu \u2014 bez iritacija.<br \/>\nFormulisan s neguju\u0107im sastojcima dobijenim iz kokosovog i avokadovog ulja, oboga\u0107en pantenolom i mineralima bogatom termalnom vodom iz srca Srbije, na\u0161 gel za brijanje pru\u017ea sna\u017ean spoj hidratacije, glatkog klizanja i umiruju\u0107e nege.<\/p>\n<p>Zahvaljuju\u0107i prozirnoj formuli koja ne peni, uvek vidi\u0161 ta\u010dno \u0161ta radi\u0161 \u2014 \u0161to ga \u010dini idealnim za precizne linije i besprekorno oblikovanje. Osve\u017eavaju\u0107i efekat momentalno umiruje ko\u017eu i pobolj\u0161ava njenu elasti\u010dnost i vla\u017enost, omogu\u0107avaju\u0107i lako i prijatno klizanje brija\u010da.<\/p>\n<p>\u279c Prozirna formula \u2013 Savr\u0161ena za oblikovanje brade<br \/>\n\u279c Na bazi kokosovog i avokadovog ulja \u2013 Intenzivno hidrira ko\u017eu<br \/>\n\u279c Oboga\u0107en pantenolom i termalnom vodom \u2013 Umiruje i hrani<br \/>\n\u279c Savr\u0161eno klizanje brija\u010da \u2013 Smanjuje trenje i spre\u010dava mikro-posekotine<br \/>\n\u279c Efekat hla\u0111enja \u2013 Umiruje iritacije i ostavlja ko\u017eu mekom<br \/>\n\u279c Bez ve\u0161ta\u010dkih boja i sinteti\u010dkih mirisa<\/p>\n<p><strong>Sadr\u017eaj<\/strong>: Termalna voda, koko glukozid, aloe vera, glicerin, koko betain, hidrosolubilno ulje avokada, etericna ulja mente i eukaliptusa, dehidroacetat kiselina i benzil alcohol, polyacrylate crosspolymer-6.<\/p>\n<p>\u2705 Na\u0161i proizvodi su klini\u010dki ispitani u akreditovanoj laboratoriji i poseduju izve\u0161taj o zdravstvenoj ispravnosti.<\/p>\n","protected":false},"featured_media":8494,"comment_status":"open","ping_status":"closed","template":"","meta":{"_acf_changed":false},"product_brand":[],"product_cat":[67],"product_tag":[],"class_list":{"0":"post-8255","1":"product","2":"type-product","3":"status-publish","4":"has-post-thumbnail","6":"product_cat-brijanje","8":"first","9":"instock","10":"shipping-taxable","11":"purchasable","12":"product-type-simple"},"acf":[],"aioseo_notices":[],"_links":{"self":[{"href":"https:\/\/www.thegoldenspartan.com\/sr\/wp-json\/wp\/v2\/product\/8255","targetHints":{"allow":["GET"]}}],"collection":[{"href":"https:\/\/www.thegoldenspartan.com\/sr\/wp-json\/wp\/v2\/product"}],"about":[{"href":"https:\/\/www.thegoldenspartan.com\/sr\/wp-json\/wp\/v2\/types\/product"}],"replies":[{"embeddable":true,"href":"https:\/\/www.thegoldenspartan.com\/sr\/wp-json\/wp\/v2\/comments?post=8255"}],"wp:featuredmedia":[{"embeddable":true,"href":"https:\/\/www.thegoldenspartan.com\/sr\/wp-json\/wp\/v2\/media\/8494"}],"wp:attachment":[{"href":"https:\/\/www.thegoldenspartan.com\/sr\/wp-json\/wp\/v2\/media?parent=8255"}],"wp:term":[{"taxonomy":"product_brand","embeddable":true,"href":"https:\/\/www.thegoldenspartan.com\/sr\/wp-json\/wp\/v2\/product_brand?post=8255"},{"taxonomy":"product_cat","embeddable":true,"href":"https:\/\/www.thegoldenspartan.com\/sr\/wp-json\/wp\/v2\/product_cat?post=8255"},{"taxonomy":"product_tag","embeddable":true,"href":"https:\/\/www.thegoldenspartan.com\/sr\/wp-json\/wp\/v2\/product_tag?post=8255"}],"curies":[{"name":"wp","href":"https:\/\/api.w.org\/{rel}","templated":true}]}}