{"id":829,"date":"2018-02-21T13:40:07","date_gmt":"2018-02-21T13:40:07","guid":{"rendered":"http:\/\/www.thegoldenspartan.com\/shop\/uncategorized\/the-barbers-beard-shampoo\/"},"modified":"2025-06-17T12:48:57","modified_gmt":"2025-06-17T12:48:57","slug":"the-barbers-sampon-za-bradu","status":"publish","type":"product","link":"https:\/\/www.thegoldenspartan.com\/sr\/shop\/pranje\/the-barbers-sampon-za-bradu\/","title":{"rendered":"THE BARBERS \u0161ampon za bradu"},"content":{"rendered":"","protected":false},"excerpt":{"rendered":"<p><strong>Sve\u017eina Koja Uliva Po\u0161tovanje.<\/strong><br \/>\nPru\u017ei svojoj bradi negu kakvu zaslu\u017euje uz The Barbers Beard Shampoo \u2013 100% prirodan, ru\u010dno pravljen \u0161ampon za bradu formulisan za mu\u0161karce koji ne prave kompromise kada je u pitanju nega i stil.<br \/>\nBez parabena, sulfata i ve\u0161ta\u010dkih boja, ova ne\u017ena ali efikasna formula oboga\u0107ena je vrhunskim prirodnim uljima, vitaminima E i A, i pru\u017ea dubinsko \u010di\u0161\u0107enje bez isu\u0161ivanja brade i ko\u017ee.<br \/>\nDizajniran da elimini\u0161e ne\u010disto\u0107e i vi\u0161ak sebuma, na\u0161 \u0161ampon za bradu istovremeno umiruje i hidrira \u010dak i najosetljiviju ko\u017eu. Rezultat? Brada koja je \u010dista, meka, glatka i savr\u0161eno spremna za svaki izazov.<\/p>\n<p>Miris \u201cThe Barbers\u201d, prepoznatljiv i osve\u017eavaju\u0107i, dolazi isklju\u010divo iz prirodnih eteri\u010dnih ulja eukaliptusa i nane \u2014 bez ve\u0161ta\u010dkih mirisa. Ova kombinacija pru\u017ea ose\u0107aj hla\u0111enja i budi \u010dula, ostavljaju\u0107i tvoju bradu miri\u0161ljavom kao da si upravo iza\u0161ao iz berbernice.<\/p>\n<p>\u279c 100% prirodan i ru\u010dno pravljen<br \/>\n\u279c Ne\u017eno \u010disti bez isu\u0161ivanja i iritacija<br \/>\n\u279c Oboga\u0107en vitaminima E i A za negu i regeneraciju<br \/>\n\u279c Ostavlja bradu mekom, zdravijom i sjajnom<br \/>\n\u279c Osve\u017eavaju\u0107i miris nane i eukaliptusa iz eteri\u010dnih ulja<br \/>\n\u279c Bez parabena, sulfata i sinteti\u010dkih mirisa<\/p>\n<p><strong>Sadr\u017eaj<\/strong>: Destilovana voda, ulje makadamije kokosa i ricinusa, koko glukozid, glicerin, pantenol, vitamin E, eteri\u010dno ulje mente i eukaliptusa, vitamin A, dehidroacetat kiselina i benzil alkohol.<\/p>\n<p>\u2705 Na\u0161i proizvodi su klini\u010dki ispitani u akreditovanoj laboratoriji i poseduju izve\u0161taj o zdravstvenoj ispravnosti.<\/p>\n","protected":false},"featured_media":17293,"comment_status":"open","ping_status":"closed","template":"","meta":{"_acf_changed":false},"product_brand":[],"product_cat":[55],"product_tag":[],"class_list":{"0":"post-829","1":"product","2":"type-product","3":"status-publish","4":"has-post-thumbnail","6":"product_cat-pranje","8":"first","9":"instock","10":"shipping-taxable","11":"purchasable","12":"product-type-simple"},"acf":[],"aioseo_notices":[],"_links":{"self":[{"href":"https:\/\/www.thegoldenspartan.com\/sr\/wp-json\/wp\/v2\/product\/829","targetHints":{"allow":["GET"]}}],"collection":[{"href":"https:\/\/www.thegoldenspartan.com\/sr\/wp-json\/wp\/v2\/product"}],"about":[{"href":"https:\/\/www.thegoldenspartan.com\/sr\/wp-json\/wp\/v2\/types\/product"}],"replies":[{"embeddable":true,"href":"https:\/\/www.thegoldenspartan.com\/sr\/wp-json\/wp\/v2\/comments?post=829"}],"wp:featuredmedia":[{"embeddable":true,"href":"https:\/\/www.thegoldenspartan.com\/sr\/wp-json\/wp\/v2\/media\/17293"}],"wp:attachment":[{"href":"https:\/\/www.thegoldenspartan.com\/sr\/wp-json\/wp\/v2\/media?parent=829"}],"wp:term":[{"taxonomy":"product_brand","embeddable":true,"href":"https:\/\/www.thegoldenspartan.com\/sr\/wp-json\/wp\/v2\/product_brand?post=829"},{"taxonomy":"product_cat","embeddable":true,"href":"https:\/\/www.thegoldenspartan.com\/sr\/wp-json\/wp\/v2\/product_cat?post=829"},{"taxonomy":"product_tag","embeddable":true,"href":"https:\/\/www.thegoldenspartan.com\/sr\/wp-json\/wp\/v2\/product_tag?post=829"}],"curies":[{"name":"wp","href":"https:\/\/api.w.org\/{rel}","templated":true}]}}