{"id":830,"date":"2018-02-21T12:07:19","date_gmt":"2018-02-21T12:07:19","guid":{"rendered":"http:\/\/www.thegoldenspartan.com\/shop\/uncategorized\/the-barbers-premium-beard-oil\/"},"modified":"2025-06-27T11:13:04","modified_gmt":"2025-06-27T11:13:04","slug":"the-barbers-ulje-za-bradu","status":"publish","type":"product","link":"https:\/\/www.thegoldenspartan.com\/sr\/shop\/premium-ulja-za-bradu\/the-barbers-ulje-za-bradu\/","title":{"rendered":"THE BARBERS ulje za bradu"},"content":{"rendered":"","protected":false},"excerpt":{"rendered":"<p><strong>Eksplozija eukaliptusa. Ledeno osve\u017eenje.<\/strong><br \/>\nPobedi letnju vru\u0107inu uz The Barbers ulje za bradu \u2014 osve\u017eavaju\u0107u kombinaciju mentola i eukaliptusa koja pru\u017ea trenutni ose\u0107aj hla\u0111enja i dugotrajnu sve\u017einu. Inspirisano atmosferom tradicionalne brija\u010dnice, ovo ulje za negu brade donosi \u010dist, mu\u017eevan miris i luksuzni ose\u0107aj nege u svakodnevnu rutinu.<\/p>\n<p>Ru\u010dno pravljeno od 100% prirodnih sastojaka i punjeno u malim serijama, The Barbers ulje za bradu ne samo da miri\u0161e odli\u010dno, ve\u0107 i dubinski hidrira, omek\u0161ava i ja\u010da tvoju bradu, dok istovremeno neguje ko\u017eu ispod nje. Zaboravi na svrab, suvo\u0107u, perutanje i lomljenje \u2013 u\u017eivaj u bradi koja izgleda uredno, zdravo i stilizovano.<\/p>\n<p>\u279c Osve\u017eavaju\u0107i miris mentola i eukaliptusa<br \/>\n\u279c Napravljeno od 100% prirodnih, visokokvalitetnih sastojaka<br \/>\n\u279c Dubinski hidrira i neguje ko\u017eu i bradu<br \/>\n\u279c Ubla\u017eava svrab, suvu ko\u017eu i perutanje<br \/>\n\u279c Omek\u0161ava i ja\u010da dlaku, olak\u0161ava oblikovanje<br \/>\n\u279c Ru\u010dno sipano u malim serijama<br \/>\n\u279c Idealno za toplije dane i svakodnevnu upotrebu<\/p>\n<p><em><strong>Sastav<\/strong>: ulje jojobe, badema, semenki gro\u017e\u0111a, kokosa, ricinusa, konoplje, vitamin E, eteri\u010dna ulja mente i eukaliptusa.<\/em><\/p>\n<p><em>\u2705\u00a0Na\u0161i proizvodi su klini\u010dki ispitani u akreditovanoj laboratoriji i poseduju izve\u0161taj o zdravstvenoj ispravnosti.<\/em><\/p>\n","protected":false},"featured_media":2852,"comment_status":"open","ping_status":"closed","template":"","meta":{"_acf_changed":false},"product_brand":[],"product_cat":[51],"product_tag":[],"class_list":{"0":"post-830","1":"product","2":"type-product","3":"status-publish","4":"has-post-thumbnail","6":"product_cat-premium-ulja-za-bradu","8":"first","9":"instock","10":"shipping-taxable","11":"purchasable","12":"product-type-variable"},"acf":[],"aioseo_notices":[],"_links":{"self":[{"href":"https:\/\/www.thegoldenspartan.com\/sr\/wp-json\/wp\/v2\/product\/830","targetHints":{"allow":["GET"]}}],"collection":[{"href":"https:\/\/www.thegoldenspartan.com\/sr\/wp-json\/wp\/v2\/product"}],"about":[{"href":"https:\/\/www.thegoldenspartan.com\/sr\/wp-json\/wp\/v2\/types\/product"}],"replies":[{"embeddable":true,"href":"https:\/\/www.thegoldenspartan.com\/sr\/wp-json\/wp\/v2\/comments?post=830"}],"wp:featuredmedia":[{"embeddable":true,"href":"https:\/\/www.thegoldenspartan.com\/sr\/wp-json\/wp\/v2\/media\/2852"}],"wp:attachment":[{"href":"https:\/\/www.thegoldenspartan.com\/sr\/wp-json\/wp\/v2\/media?parent=830"}],"wp:term":[{"taxonomy":"product_brand","embeddable":true,"href":"https:\/\/www.thegoldenspartan.com\/sr\/wp-json\/wp\/v2\/product_brand?post=830"},{"taxonomy":"product_cat","embeddable":true,"href":"https:\/\/www.thegoldenspartan.com\/sr\/wp-json\/wp\/v2\/product_cat?post=830"},{"taxonomy":"product_tag","embeddable":true,"href":"https:\/\/www.thegoldenspartan.com\/sr\/wp-json\/wp\/v2\/product_tag?post=830"}],"curies":[{"name":"wp","href":"https:\/\/api.w.org\/{rel}","templated":true}]}}