{"id":833,"date":"2018-02-21T12:47:24","date_gmt":"2018-02-21T12:47:24","guid":{"rendered":"http:\/\/www.thegoldenspartan.com\/shop\/uncategorized\/warrior-premium-beard-balm\/"},"modified":"2025-06-12T07:17:53","modified_gmt":"2025-06-12T07:17:53","slug":"warrior-balzam-za-bradu","status":"publish","type":"product","link":"https:\/\/www.thegoldenspartan.com\/sr\/shop\/balzami-i-voskovi\/warrior-balzam-za-bradu\/","title":{"rendered":"WARRIOR balzam za bradu"},"content":{"rendered":"","protected":false},"excerpt":{"rendered":"<p><strong>Sna\u017eno. Osve\u017eavaju\u0107e. Nepokolebljivo.<\/strong><br \/>\nProna\u0111i snagu i samopouzdanje pravog ratnika uz Warrior balzam za bradu \u2013 sna\u017ean, osve\u017eavaju\u0107i proizvod za negu brade, stvoren za mu\u0161karce koji ostavljaju utisak. Oboga\u0107en mo\u0107nom kombinacijom osve\u017eavaju\u0107ih, intenzivnih mirisa, ovaj balzam budi \u010dula i pokre\u0107e te od prve primene.<br \/>\nDizajniran za mu\u0161karce koji vode, Warrior balzam ne pru\u017ea samo mu\u017eevan miris \u2013 ve\u0107 i pravu negu. Hrani, ja\u010da i oblikuje \u010dak i najneposlu\u0161niju bradu. Bilo da ide\u0161 u akciju ili na va\u017ean sastanak, Warrior \u0107e tvojoj bradi dati ono \u0161to joj je potrebno: zdrav izgled, kontrolu i stil sa stavom.<\/p>\n<p>Napravljen od 100% prirodnih sastojaka i ru\u010dno izliven u malim serijama, ovaj balzam hidrira ko\u017eu ispod brade, omek\u0161ava grube dlake i pru\u017ea dr\u017eanje koje ulje za bradu ne mo\u017ee da postigne. Zaboravi na suvo\u0107u, perutanje i svrab.<\/p>\n<p>\u279c Jak, sve\u017e i mu\u017eevan miris koji traje<br \/>\n\u279c Napravljen od prirodnih, visokokvalitetnih sastojaka<br \/>\n\u279c Dubinski hidrira i neguje i bradu i ko\u017eu<br \/>\n\u279c Pru\u017ea kontrolu i strukturu za oblikovanje du\u017ee brade<br \/>\n\u279c Bori se protiv svraba, suvo\u0107e i perutanja<br \/>\n\u279c Ru\u010dno izra\u0111en u malim serijama za vrhunski kvalitet<\/p>\n<p><em><strong>Sadr\u017eaj<\/strong>: 100% prirodni p\u010delinji vosak, \u0161ea puter, kakao puter, ulje jojobe, badema, konoplje, vitamin E, eteri\u010dna ulja ljutog eukaliptusa.<\/em><\/p>\n<p><em>\u2705\u00a0Na\u0161i proizvodi su klini\u010dki ispitani u akreditovanoj laboratoriji i poseduju izve\u0161taj o zdravstvenoj ispravnosti.<\/em><\/p>\n","protected":false},"featured_media":2971,"comment_status":"open","ping_status":"closed","template":"","meta":{"_acf_changed":false},"product_brand":[],"product_cat":[52],"product_tag":[],"class_list":{"0":"post-833","1":"product","2":"type-product","3":"status-publish","4":"has-post-thumbnail","6":"product_cat-balzami-i-voskovi","8":"first","9":"instock","10":"shipping-taxable","11":"purchasable","12":"product-type-simple"},"acf":[],"aioseo_notices":[],"_links":{"self":[{"href":"https:\/\/www.thegoldenspartan.com\/sr\/wp-json\/wp\/v2\/product\/833","targetHints":{"allow":["GET"]}}],"collection":[{"href":"https:\/\/www.thegoldenspartan.com\/sr\/wp-json\/wp\/v2\/product"}],"about":[{"href":"https:\/\/www.thegoldenspartan.com\/sr\/wp-json\/wp\/v2\/types\/product"}],"replies":[{"embeddable":true,"href":"https:\/\/www.thegoldenspartan.com\/sr\/wp-json\/wp\/v2\/comments?post=833"}],"wp:featuredmedia":[{"embeddable":true,"href":"https:\/\/www.thegoldenspartan.com\/sr\/wp-json\/wp\/v2\/media\/2971"}],"wp:attachment":[{"href":"https:\/\/www.thegoldenspartan.com\/sr\/wp-json\/wp\/v2\/media?parent=833"}],"wp:term":[{"taxonomy":"product_brand","embeddable":true,"href":"https:\/\/www.thegoldenspartan.com\/sr\/wp-json\/wp\/v2\/product_brand?post=833"},{"taxonomy":"product_cat","embeddable":true,"href":"https:\/\/www.thegoldenspartan.com\/sr\/wp-json\/wp\/v2\/product_cat?post=833"},{"taxonomy":"product_tag","embeddable":true,"href":"https:\/\/www.thegoldenspartan.com\/sr\/wp-json\/wp\/v2\/product_tag?post=833"}],"curies":[{"name":"wp","href":"https:\/\/api.w.org\/{rel}","templated":true}]}}