{"id":834,"date":"2018-02-21T12:03:48","date_gmt":"2018-02-21T12:03:48","guid":{"rendered":"http:\/\/www.thegoldenspartan.com\/shop\/uncategorized\/warrior-premium-beard-oil\/"},"modified":"2025-06-27T11:06:49","modified_gmt":"2025-06-27T11:06:49","slug":"warrior-ulje-za-bradu","status":"publish","type":"product","link":"https:\/\/www.thegoldenspartan.com\/sr\/shop\/premium-ulja-za-bradu\/warrior-ulje-za-bradu\/","title":{"rendered":"WARRIOR ulje za bradu"},"content":{"rendered":"","protected":false},"excerpt":{"rendered":"<p><strong>Sna\u017eno. Osve\u017eavaju\u0107e. Nepokolebljivo.<\/strong><br \/>\nOslobodi svog unutra\u0161njeg ratnika uz Warrior ulje za bradu \u2013 mo\u0107nu kombinaciju stvorenu za mu\u0161karce koji zra\u010de snagom i samopouzdanjem. Oboga\u0107eno osve\u017eavaju\u0107im, intenzivnim mirisima, ovo ulje ze negu brade budi \u010dula i donosi snagu potrebnu za osvajanje svakog dana.<\/p>\n<p>Napravljen od 100% prirodnih, vrhunskih sastojaka i ru\u010dno punjen u malim serijama, Warrior ulje za bradu pru\u017ea dubinsku hidrataciju, omek\u0161ava bradu i neguje ko\u017eu ispod nje. Poma\u017ee u borbi protiv suvo\u0107e, svraba, perutanja i lomljive dlake, ostavljaju\u0107i tvoju bradu zdravom, urednom i lakom za oblikovanje.<\/p>\n<p>\u279c Sna\u017ean i sve\u017e miris, stvoren za alfa mu\u0161karce<br \/>\n\u279c Napravljeno od 100% prirodnih, visokokvalitetnih sastojaka<br \/>\n\u279c Pru\u017ea dubinsku hidrataciju brade i ko\u017ee<br \/>\n\u279c Umiruje svrab, perutanje i suvo\u0107u<br \/>\n\u279c Ja\u010da dlaku i \u010dini je mek\u0161om i podatnijom<br \/>\n\u279c Ru\u010dno izra\u0111eno u malim serijama za vrhunski kvalitet<br \/>\n\u279c Savr\u0161eno za svakodnevnu negu i ja\u010danje brade<\/p>\n<p><em><strong>Sastav<\/strong>: ulje jojobe, badema, semenki gro\u017e\u0111a, kokosa, ricinusa, konoplje, vitamin E, eteri\u010dna ulja ljutog\u00a0eukaliptusa.<\/em><\/p>\n<p><em>\u2705\u00a0Na\u0161i proizvodi su klini\u010dki ispitani u akreditovanoj laboratoriji i poseduju izve\u0161taj o zdravstvenoj ispravnosti.<\/em><\/p>\n","protected":false},"featured_media":2854,"comment_status":"open","ping_status":"closed","template":"","meta":{"_acf_changed":false},"product_brand":[],"product_cat":[51],"product_tag":[],"class_list":{"0":"post-834","1":"product","2":"type-product","3":"status-publish","4":"has-post-thumbnail","6":"product_cat-premium-ulja-za-bradu","8":"first","9":"instock","10":"shipping-taxable","11":"purchasable","12":"product-type-variable"},"acf":[],"aioseo_notices":[],"_links":{"self":[{"href":"https:\/\/www.thegoldenspartan.com\/sr\/wp-json\/wp\/v2\/product\/834","targetHints":{"allow":["GET"]}}],"collection":[{"href":"https:\/\/www.thegoldenspartan.com\/sr\/wp-json\/wp\/v2\/product"}],"about":[{"href":"https:\/\/www.thegoldenspartan.com\/sr\/wp-json\/wp\/v2\/types\/product"}],"replies":[{"embeddable":true,"href":"https:\/\/www.thegoldenspartan.com\/sr\/wp-json\/wp\/v2\/comments?post=834"}],"wp:featuredmedia":[{"embeddable":true,"href":"https:\/\/www.thegoldenspartan.com\/sr\/wp-json\/wp\/v2\/media\/2854"}],"wp:attachment":[{"href":"https:\/\/www.thegoldenspartan.com\/sr\/wp-json\/wp\/v2\/media?parent=834"}],"wp:term":[{"taxonomy":"product_brand","embeddable":true,"href":"https:\/\/www.thegoldenspartan.com\/sr\/wp-json\/wp\/v2\/product_brand?post=834"},{"taxonomy":"product_cat","embeddable":true,"href":"https:\/\/www.thegoldenspartan.com\/sr\/wp-json\/wp\/v2\/product_cat?post=834"},{"taxonomy":"product_tag","embeddable":true,"href":"https:\/\/www.thegoldenspartan.com\/sr\/wp-json\/wp\/v2\/product_tag?post=834"}],"curies":[{"name":"wp","href":"https:\/\/api.w.org\/{rel}","templated":true}]}}