{"id":858,"date":"2018-03-14T10:11:24","date_gmt":"2018-03-14T10:11:24","guid":{"rendered":"http:\/\/www.thegoldenspartan.com\/shop\/uncategorized\/luxury-leather-beard-care-kit\/"},"modified":"2025-06-12T13:15:35","modified_gmt":"2025-06-12T13:15:35","slug":"kozni-neseser-lux-set-za-bradu","status":"publish","type":"product","link":"https:\/\/www.thegoldenspartan.com\/sr\/shop\/setovi\/kozni-neseser-lux-set-za-bradu\/","title":{"rendered":"KO\u017dNI NESESER Lux Set za bradu"},"content":{"rendered":"","protected":false},"excerpt":{"rendered":"<p><strong>Savr\u0161enstvo, u ko\u017ei.<\/strong><br \/>\nOvo nije samo set za negu brade \u2014 ovo je simbol elegancije, besprekornog kvaliteta i savremene mu\u0161ke nege.<br \/>\nThe Golden Spartan ko\u017eni neseser Lux Set za bradu ru\u010dno je izra\u0111en od prave italijanske ko\u017ee najvi\u0161eg kvaliteta, sa japanskim ziperima vrhunske izrade. Dizajniran da traje godinama, odi\u0161e elegancijom, funkcionalno\u0161\u0107u i dugotrajno\u0161\u0107u. Ovo je oprema na koju \u0107e\u0161 biti ponosan svaki put kada je koristi\u0161.<\/p>\n<p>Unutra se nalazi sve \u0161to je jednom pravom bradonji potrebno da izgleda besprekorno i negovano:<\/p>\n<p>2 premium ulja za bradu \u2013 za dubinsku hidrataciju i neodoljiv miris<br \/>\n1 balzam za bradu \u2013 za dr\u017eanje, oblik i sjaj<br \/>\n1 vosak za brkove \u2013 idealan za stilizovanje<br \/>\n1 \u010de\u0161alj za bradu od prirodnog roga \u2013 bez \u010dupanja i statike<br \/>\n1 \u010detka za bradu, ru\u010dno izra\u0111ena<\/p>\n<p>Uz dve dodatne pregrade, ima\u0161 prostora i za ostale potrep\u0161tine \u2013 bilo da su to alati za negu brade ili li\u010dni dodaci.<\/p>\n<p>Bilo da si kod ku\u0107e, na putu, ili \u017eeli\u0161 da obraduje\u0161 drugog bradonju, ovaj luksuzni set je savr\u0161en saputnik za profesionalnu i kvalitetnu negu brade.<\/p>\n","protected":false},"featured_media":2916,"comment_status":"open","ping_status":"closed","template":"","meta":{"_acf_changed":false},"product_brand":[],"product_cat":[54],"product_tag":[],"class_list":{"0":"post-858","1":"product","2":"type-product","3":"status-publish","4":"has-post-thumbnail","6":"product_cat-setovi","8":"first","9":"instock","10":"shipping-taxable","11":"purchasable","12":"product-type-variable"},"acf":[],"aioseo_notices":[],"_links":{"self":[{"href":"https:\/\/www.thegoldenspartan.com\/sr\/wp-json\/wp\/v2\/product\/858","targetHints":{"allow":["GET"]}}],"collection":[{"href":"https:\/\/www.thegoldenspartan.com\/sr\/wp-json\/wp\/v2\/product"}],"about":[{"href":"https:\/\/www.thegoldenspartan.com\/sr\/wp-json\/wp\/v2\/types\/product"}],"replies":[{"embeddable":true,"href":"https:\/\/www.thegoldenspartan.com\/sr\/wp-json\/wp\/v2\/comments?post=858"}],"wp:featuredmedia":[{"embeddable":true,"href":"https:\/\/www.thegoldenspartan.com\/sr\/wp-json\/wp\/v2\/media\/2916"}],"wp:attachment":[{"href":"https:\/\/www.thegoldenspartan.com\/sr\/wp-json\/wp\/v2\/media?parent=858"}],"wp:term":[{"taxonomy":"product_brand","embeddable":true,"href":"https:\/\/www.thegoldenspartan.com\/sr\/wp-json\/wp\/v2\/product_brand?post=858"},{"taxonomy":"product_cat","embeddable":true,"href":"https:\/\/www.thegoldenspartan.com\/sr\/wp-json\/wp\/v2\/product_cat?post=858"},{"taxonomy":"product_tag","embeddable":true,"href":"https:\/\/www.thegoldenspartan.com\/sr\/wp-json\/wp\/v2\/product_tag?post=858"}],"curies":[{"name":"wp","href":"https:\/\/api.w.org\/{rel}","templated":true}]}}